{"id":811,"date":"2022-10-01T00:11:29","date_gmt":"2022-10-01T03:11:29","guid":{"rendered":"https:\/\/prixuserp.com\/?page_id=811"},"modified":"2026-04-21T09:23:35","modified_gmt":"2026-04-21T13:23:35","slug":"contacto","status":"publish","type":"page","link":"https:\/\/prixuserp.com\/es-pa\/contacto\/","title":{"rendered":"Contacto Panam\u00e1"},"content":{"rendered":"<div class=\"brz-root__container brz-reset-all brz\">\n<section id=\"_fkwwkkrsizsffprcjlfpsdctpnknmbpzpehg\" class=\"brz-section brz-css-rqxhw\">\n<div class=\"brz-section__content brz-section--fullWidth brz-css-gm2kc brz-css-o0qhJ\" data-brz-custom-id=\"koysbychzrtuwzsqaudqxdrexsdqowggjryt\">\n<div class=\"brz-container brz-css-ru5A1 brz-css-y7VGZ\">\n<div id=\"\" class=\"brz-css-cp4Hq brz-css-nrrZq brz-wrapper\">\n<div class=\"brz-image brz-css-e0kMI\" data-brz-custom-id=\"hqejqsqfnrfydxobkwtvgnfzyyqqaiavtydo\"><img decoding=\"async\" class=\"brz-img\" src=\"https:\/\/prixuserp.com\/es-pa?ingenium_media=wp-6bc127e8cca2c1059c505c46ec2355ef.jpg&amp;ingenium_crop=iW%3D1920%26iH%3D554%26oX%3D0%26oY%3D0%26cW%3D1920%26cH%3D554\" alt=\"\" loading=\"lazy\"><\/div>\n<\/div>\n<\/div>\n<\/div>\n<\/section>\n<section id=\"_safwucnlopxbxfryfogikpjhdemrqqfylzle\" class=\"brz-section brz-css-rqxhw\">\n<div class=\"brz-section__content brz-section--boxed brz-css-gm2kc brz-css-hmhNx\" data-brz-custom-id=\"hrdoodlrmtzewuzickmkemfsevxfnljoqnhx\">\n<div class=\"brz-bg\">\n<div class=\"brz-bg-color\"><\/div>\n<\/div>\n<div class=\"brz-container brz-css-ru5A1\">\n<div id=\"\" class=\"brz-css-cp4Hq brz-css-fxY1u brz-wrapper\">\n<div class=\"brz-rich-text brz-rich-text__custom brz-css-j1m1a\" data-brz-custom-id=\"jxafrtfptdoewopyfmiewhvrmjzcffzzlyku\">\n<div data-brz-translate-text=\"1\">\n<h1 class=\"brz-ff-nunito brz-tp-lg-empty brz-text-lg-center brz-ft-google brz-fs-lg-37 brz-fss-lg-px brz-fw-lg-700 brz-ls-lg-0 brz-lh-lg-1_3 brz-fss-xs-px brz-fw-xs-700 brz-ls-xs-0 brz-lh-xs-1_3 brz-tp-xs-empty brz-fs-xs-26 brz-css-rBn4X\" data-generated-css=\"brz-css-gcyaw\" data-uniq-id=\"rezoa\"><span class=\"brz-cp-color1\">Llena nuestro formulario<\/span><\/h1>\n<\/div>\n<\/div>\n<\/div>\n<div id=\"\" class=\"brz-css-cp4Hq brz-css-j5oRe brz-wrapper\">\n<div class=\"brz-rich-text brz-rich-text__custom brz-css-j1m1a\" data-brz-custom-id=\"adgqsbnigekfzfwafzuhvazixhiqyczppyjw\">\n<div data-brz-translate-text=\"1\">\n<h1 class=\"brz-tp-lg-heading1 brz-text-lg-center brz-ff-nunito_sans brz-ft-google brz-fs-lg-48 brz-fss-lg-px brz-fw-lg-900 brz-ls-lg-0 brz-lh-lg-1 brz-mt-lg-0 brz-mb-lg-59 brz-tp-sm-empty brz-fs-sm-59 brz-fss-sm-px brz-fw-sm-700 brz-ls-sm-m_1 brz-lh-sm-1_2 brz-tp-xs-empty brz-fs-xs-43 brz-fss-xs-px brz-fw-xs-700 brz-ls-xs-m_1 brz-lh-xs-1_3 brz-mb-xs-32 brz-css-enzA3\" data-generated-css=\"brz-css-ktgbz\" data-uniq-id=\"pszdf\"><span class=\"brz-cp-color3\">y cont\u00e1ctanos<\/span><\/h1>\n<\/div>\n<\/div>\n<\/div>\n<div class=\"brz-row__container brz-css-mDir4\" data-brz-custom-id=\"iphhhlizicuvyowhlsiqlbqrewzkrvudadij\">\n<div class=\"brz-bg\"><\/div>\n<div class=\"brz-row brz-css-f93Gt brz-css-bph6A\">\n<div class=\"brz-columns brz-css-aKga6 brz-css-uWhgo\" data-brz-custom-id=\"xhspzwvrfphsnaukvhuqaeopoyqzkundlsrw\">\n<div class=\"brz-bg\"><\/div>\n<div class=\"brz-column__items brz-css-ypHot\">\n<div id=\"\" class=\"brz-css-cp4Hq brz-wrapper\">\n<div data-brz-form-version=\"2\" class=\"brz-forms2 brz-css-yGtdZ brz-css-pH3Sh\" data-brz-custom-id=\"qfrckcevqhfydaxgvlyvzgnxrzzrhrbomudm\">\n<div data-brz-translate-text=\"1\" class=\"brz-forms2__item brz-css-azmwH brz-css-jl1Ih brz-css-yHnQW brz-css-oPAqN\"><\/div>\n<div data-brz-translate-text=\"1\" class=\"brz-forms2__item brz-css-azmwH brz-css-jl1Ih brz-css-yHnQW brz-css-t1ebl\"><\/div>\n<div data-brz-translate-text=\"1\" class=\"brz-forms2__item brz-css-azmwH brz-css-jl1Ih brz-css-yHnQW brz-css-gZTrY\"><\/div>\n<div data-brz-translate-text=\"1\" class=\"brz-forms2__item brz-css-azmwH brz-css-jl1Ih brz-css-yHnQW brz-css-c4ORG\"><\/div>\n<div data-brz-translate-text=\"1\" class=\"brz-forms2__item brz-css-azmwH brz-css-jl1Ih brz-css-yHnQW brz-css-lwnku\"><textarea id=\"eWDYt06LxSi8_\" name=\"psrmsedresthxminocycovqllrtggiuxqira\" data-brz-type=\"Paragraph\" data-brz-label=\"Mensaje\" data-brz-placeholder=\"Mensaje\" class=\"brz-textarea brz-forms2__field brz-forms2__field-paragraph\"><\/textarea><\/div>\n<div class=\"brz-forms2 brz-forms2__item brz-forms2__item-button\" data-brz-custom-id=\"qfrckcevqhfydaxgvlyvzgnxrzzrhrbomudm\"><button class=\"brz-btn brz-btn-submit brz-css-b8UMy brz-css-ijgLC\" data-brz-custom-id=\"lnaqblqerhrzanwouokxzpgatlvcntaztaor\"><span data-brz-translate-text=\"1\" class=\"brz-span brz-text__editor\">Enviar<\/span><\/button><\/div>\n<div class=\"brz-g-recaptcha\" data-sitekey=\"\" data-size=\"invisible\" data-callback=\"brzFormV2Captcha\"><\/div>\n<\/div>\n<\/div>\n<\/div>\n<\/div>\n<div class=\"brz-columns brz-css-aKga6 brz-css-xf2_8\" data-brz-custom-id=\"shckkucnigkujbmvjhpwlwsyhgzsckrrhcsi\">\n<div class=\"brz-bg\"><\/div>\n<div class=\"brz-column__items brz-css-ypHot brz-css-l3B6A\">\n<div id=\"\" class=\"brz-css-cp4Hq brz-wrapper\">\n<div class=\"brz-icon-text brz-css-emhCH brz-css-xxOpw\" data-brz-custom-id=\"ajblbwmdkqhknyxnubxzpkrhmvqjcsjgmvhp\">\n<div class=\"brz-icon__container\" data-brz-custom-id=\"vfpieulpzrpmopianlvgpuqmbopsbosiozus\"><span class=\"brz-icon brz-span brz-css-bqBRF brz-css-igHXU\"><\/span><\/div>\n<div class=\"brz-text-btn\">\n<div class=\"brz-rich-text brz-rich-text__custom brz-css-j1m1a\" data-brz-custom-id=\"nhmtqdibzmtyftzmomhzzgbmwduvplgwlwwi\">\n<div data-brz-translate-text=\"1\">\n<p class=\"brz-tp-lg-paragraph brz-css-e9ZWZ\" data-generated-css=\"brz-css-alxkb\" data-uniq-id=\"kxzmg\"><strong class=\"brz-cp-color1\">Direcci\u00f3n<\/strong><\/p>\n<p class=\"brz-fs-lg-16 brz-ft-google brz-lh-lg-1_3 brz-ls-lg-0 brz-fw-lg-400 brz-fss-lg-px brz-tp-lg-empty brz-ff-open_sans brz-css-wREES\" data-generated-css=\"brz-css-dcnoo\" data-uniq-id=\"lojqm\"><span class=\"brz-cp-color6\">Oasis tower apto 15E, Ciudad de Panam\u00e1<\/span><\/p>\n<\/div>\n<\/div>\n<\/div>\n<\/div>\n<\/div>\n<div id=\"\" class=\"brz-css-cp4Hq brz-wrapper\">\n<div class=\"brz-icon-text brz-css-emhCH brz-css-oGRP1\" data-brz-custom-id=\"mkyqeiimuklbqictfgwcunupfavinemqmnxn\">\n<div class=\"brz-icon__container\" data-brz-custom-id=\"hooxsnjbzgtfsmwpshlfoljjscrqjzuwydpv\"><span class=\"brz-icon brz-span brz-css-bqBRF brz-css-uFheH\"><\/span><\/div>\n<div class=\"brz-text-btn\">\n<div class=\"brz-rich-text brz-rich-text__custom brz-css-j1m1a\" data-brz-custom-id=\"bitmylzlldnplnzohznfogymjrydhixtnfeq\">\n<div data-brz-translate-text=\"1\">\n<p class=\"brz-tp-lg-paragraph brz-css-j3FlN\" data-uniq-id=\"cwtbh\" data-generated-css=\"brz-css-ralwy\"><strong class=\"brz-cp-color1\">Horario<\/strong><\/p>\n<p class=\"brz-ff-open_sans brz-tp-lg-empty brz-fss-lg-px brz-fw-lg-400 brz-ls-lg-0 brz-lh-lg-1_3 brz-ft-google brz-fs-lg-16 brz-css-pY9dp\" data-uniq-id=\"sujyd\" data-generated-css=\"brz-css-tkbto\"><span class=\"brz-cp-color6\">Lun &#8211; Vie de 09 &#8211; 18 hrs. + atenci\u00f3n de emergencias<\/span><\/p>\n<\/div>\n<\/div>\n<\/div>\n<\/div>\n<\/div>\n<div id=\"\" class=\"brz-css-cp4Hq brz-css-dWCLp brz-wrapper\">\n<div class=\"brz-icon-text brz-css-emhCH brz-css-a9U6z\" data-brz-custom-id=\"mjilieqvqmyntqwskrrorupnxmvewvikdowc\">\n<div class=\"brz-icon__container\" data-brz-custom-id=\"gognrfhxxvwgicckutfxltcjwhqefhmmeciv\"><span class=\"brz-icon brz-span brz-css-bqBRF brz-css-p_TP0\"><\/span><\/div>\n<div class=\"brz-text-btn\">\n<div class=\"brz-rich-text brz-rich-text__custom brz-css-j1m1a\" data-brz-custom-id=\"ravhtpeiquxbaefxjffyrbdhrccydhzgchzy\">\n<div data-brz-translate-text=\"1\">\n<p class=\"brz-tp-lg-paragraph brz-css-uBROH\" data-generated-css=\"brz-css-kbzgj\" data-uniq-id=\"xpotz\"><strong class=\"brz-cp-color1\">Correo<\/strong><\/p>\n<p class=\"brz-fs-lg-16 brz-ft-google brz-lh-lg-1_3 brz-ls-lg-0 brz-fw-lg-400 brz-fss-lg-px brz-tp-lg-empty brz-ff-open_sans brz-css-glojh\" data-generated-css=\"brz-css-jrjxi\" data-uniq-id=\"yieyo\"><a class=\"link--external brz-cp-color6\" href=\"mailto:contacto@prixuserp.com\" data-brz-link-type=\"external\">contacto@prixuserp.com<\/a><\/p>\n<\/div>\n<\/div>\n<\/div>\n<\/div>\n<\/div>\n<div id=\"\" class=\"brz-css-cp4Hq brz-wrapper\">\n<div class=\"brz-icon-text brz-css-emhCH brz-css-rYAHj\" data-brz-custom-id=\"voigrdakcyzeelcavxwaeyifxqdakwhndgim\">\n<div class=\"brz-icon__container\" data-brz-custom-id=\"enbeasiavgcufpbbalssuzlzvpuisyddsagm\"><span class=\"brz-icon brz-span brz-css-bqBRF brz-css-nFGsD\"><\/span><\/div>\n<div class=\"brz-text-btn\">\n<div class=\"brz-rich-text brz-rich-text__custom brz-css-j1m1a\" data-brz-custom-id=\"ulnxvrrnprjtckwhhhacqbxeuagtcpsmnqdb\">\n<div data-brz-translate-text=\"1\">\n<p class=\"brz-tp-lg-paragraph brz-css-uzJ8U\" data-uniq-id=\"myaqv\" data-generated-css=\"brz-css-fsvwg\"><strong class=\"brz-cp-color1\">Ll\u00e1menos<\/strong><\/p>\n<p class=\"brz-ff-open_sans brz-tp-lg-empty brz-fss-lg-px brz-fw-lg-400 brz-ls-lg-0 brz-lh-lg-1_3 brz-ft-google brz-fs-lg-16 brz-css-vrWv7\" data-uniq-id=\"mvhqq\" data-generated-css=\"brz-css-jgpew\"><strong class=\"brz-cp-color6\">Soporte <\/strong><span class=\"brz-cp-color6\">+507 6800 3832<\/span><\/p>\n<p class=\"brz-ff-open_sans brz-tp-lg-empty brz-fss-lg-px brz-fw-lg-400 brz-ls-lg-0 brz-lh-lg-1_3 brz-ft-google brz-fs-lg-16 brz-css-cEcyy\" data-uniq-id=\"pdipx\" data-generated-css=\"brz-css-gqvbn\"><strong class=\"brz-cp-color6\">Ventas<\/strong><span class=\"brz-cp-color6\"> <\/span><span class=\"brz-cp-color6\">+507 833 8818<\/span><\/p>\n<\/div>\n<\/div>\n<\/div>\n<\/div>\n<\/div>\n<\/div>\n<\/div>\n<div class=\"brz-columns brz-css-aKga6 brz-css-aFqCE\" data-brz-custom-id=\"zawswvbkcxzwcxhinblpmrdzvgtdiqjrwega\">\n<div class=\"brz-bg\"><\/div>\n<div class=\"brz-column__items brz-css-ypHot brz-css-mVivc\">\n<div id=\"\" class=\"brz-css-cp4Hq brz-wrapper\">\n<div class=\"brz-image brz-css-aEJfk\" data-brz-custom-id=\"siodcqwbhhmeqzkpbpqdxyvnsgritzbjuxus\"><img decoding=\"async\" class=\"brz-img\" src=\"https:\/\/prixuserp.com\/es-pa?ingenium_media=wp-4736f2087b3424ae51269040764e7830.png&amp;ingenium_crop=iW%3D223%26iH%3D230%26oX%3D0%26oY%3D0%26cW%3D223%26cH%3D230\" alt=\"\" loading=\"lazy\"><\/div>\n<\/div>\n<\/div>\n<\/div>\n<\/div>\n<\/div>\n<\/div>\n<\/div>\n<\/section>\n<\/div>\n<p>    <!-- version:1736428039 --><\/p>\n","protected":false},"excerpt":{"rendered":"<p>Llena nuestro formulario y cont\u00e1ctanos Enviar Direcci\u00f3n Oasis tower apto 15E, Ciudad de Panam\u00e1 Horario Lun &#8211; Vie de 09 &#8211; 18 hrs. + atenci\u00f3n de emergencias Correo contacto@prixuserp.com Ll\u00e1menos Soporte +507 6800 3832 Ventas +507 833 8818<\/p>\n","protected":false},"author":1,"featured_media":0,"parent":0,"menu_order":0,"comment_status":"closed","ping_status":"closed","template":"","meta":{"content-type":"","site-sidebar-layout":"no-sidebar","site-content-layout":"page-builder","ast-site-content-layout":"full-width-container","site-content-style":"unboxed","site-sidebar-style":"unboxed","ast-global-header-display":"","ast-banner-title-visibility":"","ast-main-header-display":"","ast-hfb-above-header-display":"","ast-hfb-below-header-display":"","ast-hfb-mobile-header-display":"","site-post-title":"disabled","ast-breadcrumbs-content":"","ast-featured-img":"","footer-sml-layout":"","ast-disable-related-posts":"","theme-transparent-header-meta":"","adv-header-id-meta":"","stick-header-meta":"","header-above-stick-meta":"","header-main-stick-meta":"","header-below-stick-meta":"","astra-migrate-meta-layouts":"default","ast-page-background-enabled":"default","ast-page-background-meta":{"desktop":{"background-color":"var(--ast-global-color-4)","background-image":"","background-repeat":"repeat","background-position":"center center","background-size":"auto","background-attachment":"scroll","background-type":"","background-media":"","overlay-type":"","overlay-color":"","overlay-opacity":"","overlay-gradient":""},"tablet":{"background-color":"","background-image":"","background-repeat":"repeat","background-position":"center center","background-size":"auto","background-attachment":"scroll","background-type":"","background-media":"","overlay-type":"","overlay-color":"","overlay-opacity":"","overlay-gradient":""},"mobile":{"background-color":"","background-image":"","background-repeat":"repeat","background-position":"center center","background-size":"auto","background-attachment":"scroll","background-type":"","background-media":"","overlay-type":"","overlay-color":"","overlay-opacity":"","overlay-gradient":""}},"ast-content-background-meta":{"desktop":{"background-color":"var(--ast-global-color-5)","background-image":"","background-repeat":"repeat","background-position":"center center","background-size":"auto","background-attachment":"scroll","background-type":"","background-media":"","overlay-type":"","overlay-color":"","overlay-opacity":"","overlay-gradient":""},"tablet":{"background-color":"var(--ast-global-color-5)","background-image":"","background-repeat":"repeat","background-position":"center center","background-size":"auto","background-attachment":"scroll","background-type":"","background-media":"","overlay-type":"","overlay-color":"","overlay-opacity":"","overlay-gradient":""},"mobile":{"background-color":"var(--ast-global-color-5)","background-image":"","background-repeat":"repeat","background-position":"center center","background-size":"auto","background-attachment":"scroll","background-type":"","background-media":"","overlay-type":"","overlay-color":"","overlay-opacity":"","overlay-gradient":""}},"footnotes":""},"class_list":["post-811","page","type-page","status-publish","hentry"],"brizy_media":[{"id":332,"url":"https:\/\/prixuserp.com\/wp-content\/uploads\/2022\/10\/undraw_online_world_re_h4cb-1-1.png","name":"undraw_online_world_re_h4cb-1-1.png","meta":{"brizy_attachment_uid":"wp-4736f2087b3424ae51269040764e7830.png","brizy_post_uid":["fba9a226454d5659590bf287fe12353e"]}},{"id":334,"url":"https:\/\/prixuserp.com\/wp-content\/uploads\/2022\/10\/banner-contacto.jpg","name":"banner-contacto.jpg","meta":{"brizy_attachment_uid":"wp-6bc127e8cca2c1059c505c46ec2355ef.jpg","brizy_post_uid":["fba9a226454d5659590bf287fe12353e"]}}],"_links":{"self":[{"href":"https:\/\/prixuserp.com\/es-pa\/wp-json\/wp\/v2\/pages\/811","targetHints":{"allow":["GET"]}}],"collection":[{"href":"https:\/\/prixuserp.com\/es-pa\/wp-json\/wp\/v2\/pages"}],"about":[{"href":"https:\/\/prixuserp.com\/es-pa\/wp-json\/wp\/v2\/types\/page"}],"author":[{"embeddable":true,"href":"https:\/\/prixuserp.com\/es-pa\/wp-json\/wp\/v2\/users\/1"}],"replies":[{"embeddable":true,"href":"https:\/\/prixuserp.com\/es-pa\/wp-json\/wp\/v2\/comments?post=811"}],"version-history":[{"count":8,"href":"https:\/\/prixuserp.com\/es-pa\/wp-json\/wp\/v2\/pages\/811\/revisions"}],"predecessor-version":[{"id":1040,"href":"https:\/\/prixuserp.com\/es-pa\/wp-json\/wp\/v2\/pages\/811\/revisions\/1040"}],"wp:attachment":[{"href":"https:\/\/prixuserp.com\/es-pa\/wp-json\/wp\/v2\/media?parent=811"}],"curies":[{"name":"wp","href":"https:\/\/api.w.org\/{rel}","templated":true}]}}